{"id":393,"date":"2016-05-12T07:50:21","date_gmt":"2016-05-12T05:50:21","guid":{"rendered":"http:\/\/fsb-freiberg.de\/?page_id=393"},"modified":"2025-02-04T17:05:59","modified_gmt":"2025-02-04T17:05:59","slug":"impressum","status":"publish","type":"page","link":"https:\/\/fsb-freiberg.de\/?page_id=393","title":{"rendered":"Impressum"},"content":{"rendered":"\n<style type=\"text\/css\" data-created_by=\"avia_inline_auto\" id=\"style-css-av-m6qq043j-b32affda9396d5af7e6f000e00d267d8\">\n.avia-section.av-m6qq043j-b32affda9396d5af7e6f000e00d267d8{\nbackground-repeat:no-repeat;\nbackground-image:url(https:\/\/fsb-freiberg.de\/wp-content\/uploads\/2025\/02\/Ansicht-2-1470x980-1-1470x430.jpg);\nbackground-position:0% 0%;\nbackground-attachment:scroll;\n}\n<\/style>\n<div id='av_section_1'  class='avia-section av-m6qq043j-b32affda9396d5af7e6f000e00d267d8 main_color avia-section-default avia-no-border-styling  avia-builder-el-0  el_before_av_textblock  avia-builder-el-first  avia-bg-style-scroll container_wrap sidebar_right'  data-section-bg-repeat='no-repeat'><div class='container av-section-cont-open' ><main  role=\"main\" itemprop=\"mainContentOfPage\"  class='template-page content  av-content-small alpha units'><div class='post-entry post-entry-type-page post-entry-393'><div class='entry-content-wrapper clearfix'>\n\n<style type=\"text\/css\" data-created_by=\"avia_inline_auto\" id=\"style-css-av-m6qq21h3-75c1b12daf9007c3c46c4601bb34cdff\">\n#top .av-special-heading.av-m6qq21h3-75c1b12daf9007c3c46c4601bb34cdff{\npadding-bottom:10px;\n}\nbody .av-special-heading.av-m6qq21h3-75c1b12daf9007c3c46c4601bb34cdff .av-special-heading-tag .heading-char{\nfont-size:25px;\n}\n.av-special-heading.av-m6qq21h3-75c1b12daf9007c3c46c4601bb34cdff .av-subheading{\nfont-size:15px;\n}\n<\/style>\n<div  class='av-special-heading av-m6qq21h3-75c1b12daf9007c3c46c4601bb34cdff av-special-heading-h1 blockquote modern-quote modern-centered  avia-builder-el-1  avia-builder-el-no-sibling '><h1 class='av-special-heading-tag '  itemprop=\"headline\"  >Impressum<\/h1><div class=\"special-heading-border\"><div class=\"special-heading-inner-border\"><\/div><\/div><\/div>\n<\/div><\/div><\/main><!-- close content main element --><\/div><\/div><div id='after_section_1'  class='main_color av_default_container_wrap container_wrap sidebar_right'  ><div class='container av-section-cont-open' ><div class='template-page content  av-content-small alpha units'><div class='post-entry post-entry-type-page post-entry-393'><div class='entry-content-wrapper clearfix'><section  class='av_textblock_section av-m6qq2be4-8e5b7415aba45e8b4421470176251e76 '   itemscope=\"itemscope\" itemtype=\"https:\/\/schema.org\/CreativeWork\" ><div class='avia_textblock'  itemprop=\"text\" ><section id=\"firstcontentcontainer\" class=\"stretchme_on_mobile\">\n<section class=\"container\">\n<section class=\"row\">\n<section class=\"span12\">\n<div class=\"vc_row wpb_row vc_row-fluid\">\n<div class=\"wpb_column vc_column_container vc_col-sm-12\">\n<div class=\"wpb_wrapper\">\n<div class=\"wpb_text_column wpb_content_element \">\n<div class=\"wpb_wrapper\">\n<h3 align=\"center\"><strong style=\"font-size: 16px;\">zugleich Anbieterkennung<\/strong><\/h3>\n<p align=\"center\"><strong> im Sinne von \u00a7\u00a7 5 TMG, 55 RStV<\/strong><\/p>\n<\/div>\n<\/div>\n<\/div>\n<\/div>\n<\/div>\n<\/section>\n<\/section>\n<\/section>\n<\/section>\n<section class=\"stretchme_on_mobile \">\n<div class=\"parallaxbg bgwithparallax videobgparallax\" data-mp4=\"\" data-ogv=\"\" data-webm=\"\" data-poster=\"\" data-speed=\"8\"><\/div>\n<div class=\"bgwithparallax_overlay\"><\/div>\n<section class=\"container notopmargin dark-on-light\">\n<section class=\"row\">\n<section class=\"span12\">\n<div class=\"vc_row wpb_row vc_row-fluid\">\n<div class=\"wpb_column vc_column_container vc_col-sm-12\">\n<div class=\"wpb_wrapper\">\n<div class=\"wpb_text_column wpb_content_element \">\n<div class=\"wpb_wrapper\">\n<p>Freiberger Silicium Bearbeitungsgesellschaft mbH<br \/>\nHimmelfahrtsgasse 41<br \/>\n09599 Freiberg<\/p>\n<p><strong>vertreten durch:<br \/>\n<\/strong><\/p>\n<p>Gesch\u00e4ftsf\u00fchrer: Dipl.Ing. Roland Gr\u00fctze<br \/>\nHRB: \u00a023656\u00a0Amtsgericht Chemnitz<\/p>\n<p>E-Mail: info [at] fsb-freiberg.de<br \/>\nWebsite:<a href=\"http:\/\/fsb-freiberg.de\/\">\u00a0http:\/\/fsb-freiberg.de\/<\/a><br \/>\nTelefon: +49 3731 670670<\/p>\n<p><strong>Verantwortlich f\u00fcr den Inhalt gem\u00e4\u00df RStV<\/strong><br \/>\nFreiberger Silicium Bearbeitungsgesellschaft mbH<\/p>\n<p><strong>Umsatzsteuer-Identifikationsnummer gem\u00e4\u00df \u00a7 27 a Umsatzsteuergesetz<\/strong><br \/>\nDE 255 625 616<\/p>\n<p><strong>Urheberrechtshinweis<\/strong><br \/>\nDie durch Freiberger Silicium Bearbeitungsgesellschaft mbH\u00a0erstellten Inhalte und Werke auf dieser Website unterliegen dem deutschen Urheberrecht. Die Vervielf\u00e4ltigung, Bearbeitung, Verbreitung und jede Art der Verwertung au\u00dferhalb der Grenzen des Urheberrechtes bed\u00fcrfen der schriftlichen Zustimmung des jeweiligen Autors bzw. Erstellers. Soweit die Inhalte auf dieser Seite nicht von Freiberger Silicium Bearbeitungsgesellschaft mbH selbst erstellt wurden, werden Urheberrechte Dritter beachtet. Insbesondere werden Inhalte Dritter als solche gekennzeichnet. Sollten Sie trotzdem auf eine Urheberrechtsverletzung aufmerksam werden, wird um einen entsprechenden Hinweis gebeten. Bei Bekanntwerden von Rechtsverletzungen wird Freiberger Silicium Bearbeitungsgesellschaft mbH derartige Inhalte umgehend entfernen.<\/p>\n<p><strong>Online-Streitbeilegung (B2C)<\/strong><br \/>\nDie EU-Kommission hat eine Internetplattform zur Online-Beilegung von Streitigkeiten betreffend vertraglicher Verpflichtungen aus Online-Vertr\u00e4gen geschaffen (OS-Plattform). Der Kunde kann die OS-Plattform unter dem folgenden Link erreichen: <a title=\"http:\/\/ec.europa.eu\/consumers\/odr\/\" href=\"http:\/\/ec.europa.eu\/consumers\/odr\/\" target=\"_blank\" rel=\"nofollow noopener\">http:\/\/ec.europa.eu\/consumers\/odr\/<\/a><\/p>\n<\/div>\n<\/div>\n<\/div>\n<\/div>\n<\/div>\n<\/section>\n<\/section>\n<\/section>\n<\/section>\n<\/div><\/section><\/p>\n","protected":false},"excerpt":{"rendered":"","protected":false},"author":1,"featured_media":0,"parent":0,"menu_order":0,"comment_status":"closed","ping_status":"closed","template":"","meta":{"footnotes":""},"class_list":["post-393","page","type-page","status-publish","hentry"],"yoast_head":"<!-- This site is optimized with the Yoast SEO plugin v27.5 - https:\/\/yoast.com\/product\/yoast-seo-wordpress\/ -->\n<title>Impressum - FSB Freiberg - Freiberger Silizium<\/title>\n<meta name=\"robots\" content=\"index, follow, max-snippet:-1, max-image-preview:large, max-video-preview:-1\" \/>\n<link rel=\"canonical\" href=\"https:\/\/fsb-freiberg.de\/?page_id=393\" \/>\n<meta property=\"og:locale\" content=\"de_DE\" \/>\n<meta property=\"og:type\" content=\"article\" \/>\n<meta property=\"og:title\" content=\"Impressum - FSB Freiberg - Freiberger Silizium\" \/>\n<meta property=\"og:url\" content=\"https:\/\/fsb-freiberg.de\/?page_id=393\" \/>\n<meta property=\"og:site_name\" content=\"FSB Freiberg - Freiberger Silizium\" \/>\n<meta property=\"article:modified_time\" content=\"2025-02-04T17:05:59+00:00\" \/>\n<meta name=\"twitter:card\" content=\"summary_large_image\" \/>\n<meta name=\"twitter:label1\" content=\"Gesch\u00e4tzte Lesezeit\" \/>\n\t<meta name=\"twitter:data1\" content=\"2\u00a0Minuten\" \/>\n<script type=\"application\/ld+json\" class=\"yoast-schema-graph\">{\"@context\":\"https:\\\/\\\/schema.org\",\"@graph\":[{\"@type\":\"WebPage\",\"@id\":\"https:\\\/\\\/fsb-freiberg.de\\\/?page_id=393\",\"url\":\"https:\\\/\\\/fsb-freiberg.de\\\/?page_id=393\",\"name\":\"Impressum - FSB Freiberg - Freiberger Silizium\",\"isPartOf\":{\"@id\":\"https:\\\/\\\/fsb-freiberg.de\\\/#website\"},\"datePublished\":\"2016-05-12T05:50:21+00:00\",\"dateModified\":\"2025-02-04T17:05:59+00:00\",\"breadcrumb\":{\"@id\":\"https:\\\/\\\/fsb-freiberg.de\\\/?page_id=393#breadcrumb\"},\"inLanguage\":\"de\",\"potentialAction\":[{\"@type\":\"ReadAction\",\"target\":[\"https:\\\/\\\/fsb-freiberg.de\\\/?page_id=393\"]}]},{\"@type\":\"BreadcrumbList\",\"@id\":\"https:\\\/\\\/fsb-freiberg.de\\\/?page_id=393#breadcrumb\",\"itemListElement\":[{\"@type\":\"ListItem\",\"position\":1,\"name\":\"Startseite\",\"item\":\"https:\\\/\\\/fsb-freiberg.de\\\/?page_id=371\"},{\"@type\":\"ListItem\",\"position\":2,\"name\":\"Impressum\"}]},{\"@type\":\"WebSite\",\"@id\":\"https:\\\/\\\/fsb-freiberg.de\\\/#website\",\"url\":\"https:\\\/\\\/fsb-freiberg.de\\\/\",\"name\":\"FSB Freiberg - Freiberger Silizium\",\"description\":\"\",\"potentialAction\":[{\"@type\":\"SearchAction\",\"target\":{\"@type\":\"EntryPoint\",\"urlTemplate\":\"https:\\\/\\\/fsb-freiberg.de\\\/?s={search_term_string}\"},\"query-input\":{\"@type\":\"PropertyValueSpecification\",\"valueRequired\":true,\"valueName\":\"search_term_string\"}}],\"inLanguage\":\"de\"}]}<\/script>\n<!-- \/ Yoast SEO plugin. -->","yoast_head_json":{"title":"Impressum - FSB Freiberg - Freiberger Silizium","robots":{"index":"index","follow":"follow","max-snippet":"max-snippet:-1","max-image-preview":"max-image-preview:large","max-video-preview":"max-video-preview:-1"},"canonical":"https:\/\/fsb-freiberg.de\/?page_id=393","og_locale":"de_DE","og_type":"article","og_title":"Impressum - FSB Freiberg - Freiberger Silizium","og_url":"https:\/\/fsb-freiberg.de\/?page_id=393","og_site_name":"FSB Freiberg - Freiberger Silizium","article_modified_time":"2025-02-04T17:05:59+00:00","twitter_card":"summary_large_image","twitter_misc":{"Gesch\u00e4tzte Lesezeit":"2\u00a0Minuten"},"schema":{"@context":"https:\/\/schema.org","@graph":[{"@type":"WebPage","@id":"https:\/\/fsb-freiberg.de\/?page_id=393","url":"https:\/\/fsb-freiberg.de\/?page_id=393","name":"Impressum - FSB Freiberg - Freiberger Silizium","isPartOf":{"@id":"https:\/\/fsb-freiberg.de\/#website"},"datePublished":"2016-05-12T05:50:21+00:00","dateModified":"2025-02-04T17:05:59+00:00","breadcrumb":{"@id":"https:\/\/fsb-freiberg.de\/?page_id=393#breadcrumb"},"inLanguage":"de","potentialAction":[{"@type":"ReadAction","target":["https:\/\/fsb-freiberg.de\/?page_id=393"]}]},{"@type":"BreadcrumbList","@id":"https:\/\/fsb-freiberg.de\/?page_id=393#breadcrumb","itemListElement":[{"@type":"ListItem","position":1,"name":"Startseite","item":"https:\/\/fsb-freiberg.de\/?page_id=371"},{"@type":"ListItem","position":2,"name":"Impressum"}]},{"@type":"WebSite","@id":"https:\/\/fsb-freiberg.de\/#website","url":"https:\/\/fsb-freiberg.de\/","name":"FSB Freiberg - Freiberger Silizium","description":"","potentialAction":[{"@type":"SearchAction","target":{"@type":"EntryPoint","urlTemplate":"https:\/\/fsb-freiberg.de\/?s={search_term_string}"},"query-input":{"@type":"PropertyValueSpecification","valueRequired":true,"valueName":"search_term_string"}}],"inLanguage":"de"}]}},"_links":{"self":[{"href":"https:\/\/fsb-freiberg.de\/index.php?rest_route=\/wp\/v2\/pages\/393","targetHints":{"allow":["GET"]}}],"collection":[{"href":"https:\/\/fsb-freiberg.de\/index.php?rest_route=\/wp\/v2\/pages"}],"about":[{"href":"https:\/\/fsb-freiberg.de\/index.php?rest_route=\/wp\/v2\/types\/page"}],"author":[{"embeddable":true,"href":"https:\/\/fsb-freiberg.de\/index.php?rest_route=\/wp\/v2\/users\/1"}],"replies":[{"embeddable":true,"href":"https:\/\/fsb-freiberg.de\/index.php?rest_route=%2Fwp%2Fv2%2Fcomments&post=393"}],"version-history":[{"count":4,"href":"https:\/\/fsb-freiberg.de\/index.php?rest_route=\/wp\/v2\/pages\/393\/revisions"}],"predecessor-version":[{"id":746,"href":"https:\/\/fsb-freiberg.de\/index.php?rest_route=\/wp\/v2\/pages\/393\/revisions\/746"}],"wp:attachment":[{"href":"https:\/\/fsb-freiberg.de\/index.php?rest_route=%2Fwp%2Fv2%2Fmedia&parent=393"}],"curies":[{"name":"wp","href":"https:\/\/api.w.org\/{rel}","templated":true}]}}