{"id":395,"date":"2016-05-12T07:50:36","date_gmt":"2016-05-12T05:50:36","guid":{"rendered":"http:\/\/fsb-freiberg.de\/?page_id=395"},"modified":"2026-01-16T07:47:06","modified_gmt":"2026-01-16T07:47:06","slug":"datenschutz","status":"publish","type":"page","link":"https:\/\/fsb-freiberg.de\/?page_id=395","title":{"rendered":"Datenschutz"},"content":{"rendered":"\n<style type=\"text\/css\" data-created_by=\"avia_inline_auto\" id=\"style-css-av-m6qq0ujb-39b2649259cc4c7ecd83d29818f4ee33\">\n.avia-section.av-m6qq0ujb-39b2649259cc4c7ecd83d29818f4ee33{\nbackground-repeat:no-repeat;\nbackground-image:url(https:\/\/fsb-freiberg.de\/wp-content\/uploads\/2025\/02\/Ansicht-2-1470x980-1-1470x430.jpg);\nbackground-position:0% 0%;\nbackground-attachment:scroll;\n}\n.avia-section.av-m6qq0ujb-39b2649259cc4c7ecd83d29818f4ee33 .av-section-color-overlay{\nopacity:0.7;\nbackground-color:#f9f9f9;\n}\n<\/style>\n<div id='av_section_1'  class='avia-section av-m6qq0ujb-39b2649259cc4c7ecd83d29818f4ee33 main_color avia-section-default avia-no-border-styling  avia-builder-el-0  el_before_av_textblock  avia-builder-el-first  avia-bg-style-scroll av-section-color-overlay-active container_wrap sidebar_right'  data-section-bg-repeat='no-repeat'><div class=\"av-section-color-overlay-wrap\"><div class=\"av-section-color-overlay\"><\/div><div class='container av-section-cont-open' ><main  role=\"main\" itemprop=\"mainContentOfPage\"  class='template-page content  av-content-small alpha units'><div class='post-entry post-entry-type-page post-entry-395'><div class='entry-content-wrapper clearfix'>\n\n<style type=\"text\/css\" data-created_by=\"avia_inline_auto\" id=\"style-css-av-mkgkqv0p-718907751db49fcd740b684fcdbd85ca\">\n#top .hr.hr-invisible.av-mkgkqv0p-718907751db49fcd740b684fcdbd85ca{\nheight:50px;\n}\n<\/style>\n<div  class='hr av-mkgkqv0p-718907751db49fcd740b684fcdbd85ca hr-invisible  avia-builder-el-1  el_before_av_heading  avia-builder-el-first '><span class='hr-inner '><span class=\"hr-inner-style\"><\/span><\/span><\/div>\n\n<style type=\"text\/css\" data-created_by=\"avia_inline_auto\" id=\"style-css-av-m6qq1dmy-0c22cb8212a6a1f58a6a5738ef6d82e5\">\n#top .av-special-heading.av-m6qq1dmy-0c22cb8212a6a1f58a6a5738ef6d82e5{\npadding-bottom:10px;\n}\nbody .av-special-heading.av-m6qq1dmy-0c22cb8212a6a1f58a6a5738ef6d82e5 .av-special-heading-tag .heading-char{\nfont-size:25px;\n}\n.av-special-heading.av-m6qq1dmy-0c22cb8212a6a1f58a6a5738ef6d82e5 .av-subheading{\nfont-size:15px;\n}\n<\/style>\n<div  class='av-special-heading av-m6qq1dmy-0c22cb8212a6a1f58a6a5738ef6d82e5 av-special-heading-h1 blockquote modern-quote modern-centered  avia-builder-el-2  el_after_av_hr  el_before_av_hr '><h1 class='av-special-heading-tag '  itemprop=\"headline\"  >Unsere Datenschutzbestimmungen<\/h1><div class=\"special-heading-border\"><div class=\"special-heading-inner-border\"><\/div><\/div><\/div>\n\n<style type=\"text\/css\" data-created_by=\"avia_inline_auto\" id=\"style-css-av-av_hr-3a876428eececa9d35452247ddb053af\">\n#top .hr.hr-invisible.av-av_hr-3a876428eececa9d35452247ddb053af{\nheight:50px;\n}\n<\/style>\n<div  class='hr av-av_hr-3a876428eececa9d35452247ddb053af hr-invisible  avia-builder-el-3  el_after_av_heading  avia-builder-el-last '><span class='hr-inner '><span class=\"hr-inner-style\"><\/span><\/span><\/div>\n<\/div><\/div><\/main><!-- close content main element --><\/div><\/div><\/div><div id='after_section_1'  class='main_color av_default_container_wrap container_wrap sidebar_right'  ><div class='container av-section-cont-open' ><div class='template-page content  av-content-small alpha units'><div class='post-entry post-entry-type-page post-entry-395'><div class='entry-content-wrapper clearfix'><section  class='av_textblock_section av-m6qq1n6f-f77abc49ece1cc6bc72c359871c7fcbf '   itemscope=\"itemscope\" itemtype=\"https:\/\/schema.org\/CreativeWork\" ><div class='avia_textblock'  itemprop=\"text\" ><p><strong>1. Allgemeines<\/strong><\/p>\n<p><strong>1.1 Was sind personenbezogene Daten<\/strong><br \/>\nPersonenbezogene Daten sind Angaben, die die Identit\u00e4t des Nutzers offenlegen oder offenlegen k\u00f6nnen. Wir halten uns an den Grundsatz der Datenvermeidung. Es wird soweit wie m\u00f6glich auf die Erhebung von personenbezogenen Daten verzichtet.<\/p>\n<p><strong>1.2 Umgang mit personenbezogenen Daten<\/strong><br \/>\nPersonenbezogene Daten dienen ausschlie\u00dflich der Vertragsbegr\u00fcndung, inhaltlichen Ausgestaltung, Durchf\u00fchrung oder Abwicklung des Vertragsverh\u00e4ltnisses (Art. 6 I S. 1 b DSGVO).<\/p>\n<p>Dar\u00fcber hinaus werden personenbezogene Daten nur verarbeitet, soweit wir hierzu Ihre Einwilligung erhalten haben (Art. 6 I S. 1 a DSGVO) bzw. es sich um Daten handelt, deren Verarbeitung f\u00fcr unsere berechtigten Interessen erforderlich ist und soweit die Abw\u00e4gung ergibt, dass keine \u00fcberwiegenden Interessen, Grundrechte oder Grundfreiheiten Ihrerseits entgegenstehen (Art. 6 I S. 1 f DSGVO).<\/p>\n<p>Wir k\u00f6nnen zur Verarbeitung Ihrer personenbezogenen Daten Auftragsverarbeiter verwenden, mit welchen wir soweit erforderlich einen Vertrag zur Auftragsverarbeitung geschlossen haben, werden die personenbezogenen Daten dar\u00fcber hinaus aber grunds\u00e4tzlich nicht an Dritte weitergeben<\/p>\n<p>Lediglich zur Vertragserf\u00fcllung werden die Daten an das mit der Lieferung beauftragte Versandunternehmen weitergegeben, soweit dies zur Lieferung bestellter Waren erforderlich ist. Zur Abwicklung von Zahlungen werden die hierf\u00fcr erforderlichen Zahlungsdaten an das mit der Zahlung beauftragte Kreditinstitut und ggf. den beauftragten und gew\u00e4hlten Zahlungsdienstleister weitergegeben.<\/p>\n<p>Die Verarbeitung Ihrer personenbezogenen Daten erfolgt in der EU sowie in den von der EU als sicher bzw. angemessen eingestuften L\u00e4ndern. Sollte die Verarbeitung von personenbezogenen Daten in den USA erfolgen, wird darauf geachtet, dass die von uns genutzten Dienste unter dem \u201eData Privacy Framework\u201c zertifiziert sind.<\/p>\n<p><strong>1.3 Nutzungsdaten<\/strong><br \/>\nBeim Besuch der Webseite werden allgemeine technische Informationen erhoben. Dies sind die verwendete IP-Adresse, Uhrzeit, Dauer des Besuchs, Browsertyp und ggf. die Herkunftsseite. Diese Nutzungsdaten werden technisch bedingt in einem Logfile registriert und k\u00f6nnen zum Zwecke der Statistikauswertung dieser Webseite benutzt und gespeichert werden. Eine Verkn\u00fcpfung dieser Nutzungsdaten mit Ihren weiteren personenbezogenen Daten findet nicht statt.<\/p>\n<p><strong>1.4 Dauer der Speicherung<\/strong><br \/>\nWir speichern Ihre personenbezogenen Daten nach der Beendigung des Zwecks, f\u00fcr welchen die Daten erhoben wurden, nur solange, wie dies auf Grund der gesetzlichen (insbesondere steuerrechtlichen) Vorschriften erforderlich ist.<\/p>\n<p>Im Einzelnen bestehen z.B. folgende Aufbewahrungsfristen:<\/p>\n<table width=\"586\">\n<tbody>\n<tr>\n<td width=\"200\"><strong>Art der Daten<\/strong><\/td>\n<td width=\"386\"><strong>Aufbewahrungsfrist<\/strong><\/td>\n<\/tr>\n<tr>\n<td width=\"200\">Steuerliche Daten<\/td>\n<td width=\"386\">10 Jahre<\/td>\n<\/tr>\n<tr>\n<td width=\"200\">Handels- oder Gesch\u00e4ftsbriefe (auch E-Mails und Faxe) und sonstige Unterlagen, soweit diese f\u00fcr die Besteuerung von Bedeutung sind.<\/td>\n<td width=\"386\">6 Jahre mit dem Schluss des Kalenderjahrs, in dem die letzte Eintragung in das Buch gemacht, das Inventar, die Er\u00f6ffnungsbilanz, der Jahresabschluss oder der Lagebericht aufgestellt, der Handels- oder Gesch\u00e4ftsbrief empfangen oder abgesandt worden oder der Buchungsbeleg entstanden ist, ferner die Aufzeichnung vorgenommen worden ist oder die sonstigen Unterlagen entstanden sind.<\/td>\n<\/tr>\n<tr>\n<td width=\"200\">Transaktions- und Registrierungsdaten<\/td>\n<td width=\"386\">10 Jahre mit dem Schluss des Kalenderjahres, in dem die letzte Eintragung in das Buch gemacht, das Inventar, die Er\u00f6ffnungsbilanz, der Jahresabschluss oder der Lagebericht aufgestellt, der Handels- oder Gesch\u00e4ftsbrief empfangen oder abgesandt worden oder der Buchungsbeleg entstanden ist, ferner die Aufzeichnung vorgenommen worden ist oder die sonstigen Unterlagen entstanden sind.<\/td>\n<\/tr>\n<tr>\n<td width=\"200\">Datenschutzrechtliche Einwilligungen zur Datenverarbeitung<\/td>\n<td width=\"386\">F\u00fcr die Dauer der M\u00f6glichkeit der Geltendmachung von Rechten durch den\/die Betroffene\/n.<\/td>\n<\/tr>\n<tr>\n<td width=\"200\">(Elektronische) Korrespondenz, welche keine steuerrechtliche Relevanz besitzt<\/td>\n<td width=\"386\">So lange, wie dies zur Aufgabenerf\u00fcllung erforderlich ist, es sei denn, die Verarbeitung dient der Geltendmachung, Aus\u00fcbung oder Verteidigung von Rechtsanspr\u00fcchen.<\/td>\n<\/tr>\n<tr>\n<td width=\"200\">Nutzungsdaten gem. Ziffer 1.3 dieser Datenschutzerkl\u00e4rung<\/td>\n<td width=\"386\">max. 30 Tage<\/td>\n<\/tr>\n<\/tbody>\n<\/table>\n<p><strong>2, Ihre Rechte<\/strong><\/p>\n<p><strong>2.1 Auskunft<\/strong><br \/>\nSie k\u00f6nnen von uns eine Auskunft dar\u00fcber verlangen, ob wir personenbezogene Daten von Ihnen verarbeiten und soweit dies der Fall ist haben Sie ein Recht auf Auskunft \u00fcber diese personenbezogenen Daten und auf die in Art. 15 DSGVO genannten weiteren Informationen.<\/p>\n<p><strong>2.2 Recht auf Berichtigung<\/strong><br \/>\nSie haben das Recht auf Berichtigung der Sie betreffenden unrichtigen personenbezogenen Daten und k\u00f6nnen gem\u00e4\u00df Art. 16 DSGVO die Vervollst\u00e4ndigung unvollst\u00e4ndiger personenbezogener Daten verlangen.<\/p>\n<p><strong>2.3 Recht auf L\u00f6schung<\/strong><br \/>\nSie haben das Recht von uns zu verlangen, dass die Sie betreffenden personenbezogenen Daten unverz\u00fcglich gel\u00f6scht werden. Wir sind verpflichtet diese unverz\u00fcglich zu l\u00f6schen, insbesondere sofern einer der folgenden Gr\u00fcnde zutrifft:<\/p>\n<p>Ihre personenbezogenen Daten sind f\u00fcr die Zwecke, f\u00fcr die sie erhoben oder auf sonstige Weise verarbeitet wurden, nicht mehr notwendig.<\/p>\n<p>Sie widerrufen ihre Einwilligung, auf die sich die Verarbeitung Ihrer Daten st\u00fctzte, und es fehlt an einer anderweitigen Rechtsgrundlage f\u00fcr die Verarbeitung.<\/p>\n<p>Ihre Daten wurden unrechtm\u00e4\u00dfig verarbeitet.<\/p>\n<p>Das Recht auf L\u00f6schung besteht nicht, soweit Ihre personenbezogenen Daten zur Geltendmachung, Aus\u00fcbung oder Verteidigung unserer Rechtsanspr\u00fcche erforderlich sind.<\/p>\n<p><strong>2.4 Recht auf Einschr\u00e4nkung der Verarbeitung<\/strong><br \/>\nSie haben das Recht von uns die Einschr\u00e4nkung der Verarbeitung Ihrer personenbezogenen Daten zu verlangen, wenn<\/p>\n<ul>\n<li>Sie die Richtigkeit der Daten bestreiten und wir daher die Richtigkeit \u00fcberpr\u00fcfen,<\/li>\n<li>die Verarbeitung unrechtm\u00e4\u00dfig ist und Sie die L\u00f6schung ablehnen und stattdessen die Einschr\u00e4nkung der Nutzung verlangen<\/li>\n<li>wir die Daten nicht l\u00e4nger ben\u00f6tigen, Sie diese jedoch zur Geltendmachung, Aus\u00fcbung oder Verteidigung von Rechtsanspr\u00fcchen ben\u00f6tigen,<\/li>\n<li>Sie Widerspruch gegen die Verarbeitung Ihrer Daten eingelegt haben, und noch nicht feststeht, ob unsere berechtigten Gr\u00fcnde gegen\u00fcber Ihren Gr\u00fcnden \u00fcberwiegen.<\/li>\n<\/ul>\n<p style=\"padding-left: 40px;\"><strong>\u00a0<\/strong><\/p>\n<p><strong>2.5 Recht auf Daten\u00fcbertragbarkeit<\/strong><br \/>\nSie haben das Recht die Sie betreffenden personenbezogenen Daten, die Sie uns bereitgestellt haben, in einem strukturierten, g\u00e4ngigen und maschinenlesbaren Format zu erhalten und Sie haben das Recht, diese Daten einem anderen Verantwortlichen ohne Behinderung durch uns zu \u00fcbermitteln, sofern die Verarbeitung auf einer Einwilligung oder einem Vertrag beruht und die Verarbeitung bei uns mithilfe automatisierter Verfahren erfolgt.<\/p>\n<p><strong>2.6 Widerrufs- und Widerspruchsrecht<\/strong><\/p>\n<p>Soweit die Verarbeitung Ihrer personenbezogenen Daten auf einer Einwilligung (Art. 6 I S. 1 a DSGVO) beruht, haben Sie das Recht, diese Einwilligung jederzeit zu widerrufen. Hierdurch wird die Rechtm\u00e4\u00dfigkeit der aufgrund der Einwilligung bis zum Widerruf erfolgten Verarbeitung nicht ber\u00fchrt.<\/p>\n<p style=\"padding-left: 40px;\">\n<p>Soweit die Verarbeitung Ihrer personenbezogenen Daten auf Art. 6 I S. 1 e DSGVO oder Art. 6 I S. 1 f DSGVO beruht, haben Sie gem. Art. 21 DSGVO das Recht, aus Gr\u00fcnden, die sich aus Ihrer besonderen Situation ergeben, jederzeit gegen die Verarbeitung Sie betreffender personenbezogener Daten Widerspruch einzulegen. Wir verarbeiten Ihre personenbezogenen Daten sodann nicht mehr, es sei denn, wir k\u00f6nnen zwingende schutzw\u00fcrdige Gr\u00fcnde f\u00fcr die Verarbeitung nachweisen, die Ihre Interessen, Rechte und Freiheiten \u00fcberwiegen, oder die Verarbeitung dient der Geltendmachung, Aus\u00fcbung oder Verteidigung von Rechtsanspr\u00fcchen.<\/p>\n<p><strong>2.7 Allgemeines und Beschwerderecht<\/strong><br \/>\nDie Aus\u00fcbung Ihrer vorstehenden Rechte ist f\u00fcr Sie grunds\u00e4tzlich kostenlos. Sie haben das Recht sich bei Beschwerden direkt an die f\u00fcr uns zust\u00e4ndige Aufsichtsbeh\u00f6rde, den Landesdatenschutzbeauftragen, zu wenden.<\/p>\n<p><strong>3. Datensicherheit<\/strong><\/p>\n<p><strong>3.1 Datensicherheit<\/strong><br \/>\nS\u00e4mtliche Daten auf unserer Website werden durch technische und organisatorische Ma\u00dfnahmen gegen Verlust, Zerst\u00f6rung, Zugriff, Ver\u00e4nderung und Verbreitung gesichert.<\/p>\n<p><strong>3.2 Sessions und Cookies<\/strong><br \/>\nZur Bedienung des Internetauftritts setzen wir Cookies bzw. serverseitige Sessions ein, in denen Daten gespeichert werden k\u00f6nnen. Wir stellen sicher, dass Cookies nur eingesetzt und Informationen, welche bereits in Ihrer Endeinrichtung gespeichert sind nur \u00fcbernommen werden, sofern dies f\u00fcr die Bereitstellung des von Ihnen ausdr\u00fccklich gew\u00fcnschten digitalen Dienstes unbedingt erforderlich ist (\u00a7 25 II Nr. 2 TDDDG).<\/p>\n<p><strong>4. Newsletter<\/strong><\/p>\n<p>Wenn Sie sich zu unserem Newsletter anmelden, verwenden wir die hierf\u00fcr erforderlichen oder gesondert von Ihnen mitgeteilten Daten, um Ihnen regelm\u00e4\u00dfig unseren E-Mail-Newsletter aufgrund Ihrer Einwilligung gem\u00e4\u00df Art. 6 I S. 1 a DSGVO zuzusenden.<\/p>\n<p>Die Abmeldung vom Newsletter ist jederzeit m\u00f6glich und kann entweder durch eine Nachricht an uns \u00fcber die im Impressum angegebenen Kontaktm\u00f6glichkeiten oder \u00fcber den daf\u00fcr vorgesehenen Link im Newsletter erfolgen. Nach Abmeldung l\u00f6schen wir Ihre E-Mail-Adresse, soweit Sie nicht ausdr\u00fccklich in eine weitere Nutzung Ihrer Daten eingewilligt haben oder wir uns eine dar\u00fcber hinausgehende Datenverwendung vorbehalten, die gesetzlich erlaubt ist und \u00fcber die wir Sie in dieser Erkl\u00e4rung informieren.<\/p>\n<p><strong>5. Kommentare<\/strong><\/p>\n<p>Soweit Sie auf unserer Website die Kommentarfunktion nutzen, werden neben diesen Kommentaren auch der Zeitpunkt der Erstellung, Ihr gew\u00e4hltes Pseudonym und vor\u00fcbergehend auch Ihre IP-Adresse gespeichert. Dies geschieht, damit wir bei widerrechtlichen Inhalten unsere Rechte wahren k\u00f6nnen.<\/p>\n<p><strong>6. Pr\u00e4senz auf Social-Media-Plattformen<\/strong><\/p>\n<p>Wir nutzen nachfolgende Social-Media-Plattformen zur Unternehmensdarstellung und Kommunikation (auf die nachfolgend verlinkten Datenschutzerkl\u00e4rungen und Opt-Out-M\u00f6glichkeiten wird ausdr\u00fccklich Bezug genommen).<\/p>\n<p><em><br \/>\nX (Twitter International Unlimited Company, One Cumberland Place, Fenian Street, Dublin 2, D02 AX07, Irland)<br \/>\nDatenschutzerkl\u00e4rung: https:\/\/twitter.com\/de\/privacy<br \/>\nOpt-Out: https:\/\/twitter.com\/settings\/account\/personalization<\/em><\/p>\n<p>LinkedIn (LinkedIn Ireland Unlimited Company Wilton Place, Dublin 2, Irland)<br \/>\nDatenschutzerkl\u00e4rung https:\/\/www.linkedin.com\/legal\/privacy-policy<br \/>\nOpt-Out: https:\/\/www.linkedin.com\/psettings\/guest-controls\/retargeting-opt-out<\/p>\n<p><em>Xing (New Work SE, Am Strandkai 1, 20457 Hamburg, Deutschland)<br \/>\nDatenschutzerkl\u00e4rung und Opt-Out: https:\/\/privacy.xing.com\/de\/datenschutzerklaerung<\/em><\/p>\n<p>Diese Social-Media-Plattformen k\u00f6nnen ggf. personenbezogene Daten au\u00dferhalb der EU verarbeiten, wir verweisen insoweit auf die vorstehenden Datenschutzerkl\u00e4rungen der Social-Media-Plattformen.<br \/>\nDie jeweiligen Social-Media-Plattformen k\u00f6nnen ggf. aus Ihrem Nutzungsverhalten und den sich hieraus ergebenden Interessen und Aktionen Ihrerseits Nutzungsprofile erstellen und Cookies auf Ihrem Rechner speichern, in denen Ihr Nutzungsverhalten gespeichert ist. Wenn Sie auf der jeweiligen Social-Media-Plattform einen Account besitzen und eingeloggt sind, kann Ihr Nutzungsverhalten sogar ger\u00e4teunabh\u00e4ngig gespeichert werden. Ihr Nutzungsprofil kann verwendet werden, um z.B. Werbeanzeigen zu platzieren, die mutma\u00dflich Ihren Interessen entsprechen.<\/p>\n<p>Wir verarbeiten die personenbezogenen Daten ausschlie\u00dflich zur Kommunikation mit Ihnen \u00fcber die von Ihnen gew\u00e4hlte Social-Media-Plattform sowie zur Optimierung unserer Onlinepr\u00e4senz und achten darauf, dass hier keine Interessen Ihrerseits betroffen sind, welche dieses berechtigte Interesse unsererseits \u00fcberwiegen (Art. 6 I S. 1 f DSGVO). Soweit Sie bereits dem jeweiligen Betreiber der Social-Media-Plattform eine wirksame Einwilligung zur entsprechenden Datenverarbeitung gegeben haben, erfolgt die Verarbeitung Ihrer personenbezogenen Daten auch auf Basis dieser Einwilligung (Art. 6 I S. 1 a DSGVO).<\/p>\n<p><strong>7. Dienste von Drittanbietern<\/strong><\/p>\n<p><strong>\u00a0<\/strong><\/p>\n<p><strong>7.1 Externes Hosting<\/strong><\/p>\n<p>Unsere Website wird bei folgendem externen Dienstleister gehostet:<\/p>\n<p data-start=\"145\" data-end=\"321\">KS-EDV, Alf Krause, B.Sc, Am Wasserwerk 3h, D-01109 Dresden\/ Klotzsche\u00a0<br data-start=\"262\" data-end=\"265\" \/>Datenschutzerkl\u00e4rung: <a href=\"https:\/\/ks-edv.de\/datenschutz\" target=\"_blank\" rel=\"noopener\">https:\/\/ks-edv.de\/datenschutz<\/a><\/p>\n<p>Die (personenbezogenen) Daten, die auf dieser Website erfasst werden, werden an die Server des zuvor genannten Drittanbieters \u00fcbermittelt und dort gespeichert, wobei es sich u.a. um<\/p>\n<ul>\n<li>IP-Adressen,<\/li>\n<li>Kontaktdaten,<\/li>\n<li>Vertragsdaten,<\/li>\n<li>Datum und Uhrzeit der Anfrage.<\/li>\n<li>Zeitzonendifferenz zur Greenwich Mean Time.<\/li>\n<li>Inhalt der Anforderung,<\/li>\n<li>HTTP-Statuscode,<\/li>\n<li>\u00fcbertragene Datenmenge,<\/li>\n<li>Website, von der die Anforderung kommt,<\/li>\n<li>Informationen zu Browser und Betriebssystem<\/li>\n<\/ul>\n<p>und sonstige Daten, die \u00fcber eine Website generiert werden, handeln kann. Der Einsatz des Hosters erfolgt zum Zwecke der Vertragserf\u00fcllung gegen\u00fcber unseren potenziellen und bestehenden Kunden (Art. 6 I S. 1 b DSGVO) und im Interesse einer sicheren, schnellen und effizienten Bereitstellung unseres Online-Angebots durch einen professionellen Anbieter (Art. 6 I S. 1 f DSGVO). Der o.g. Drittanbieter wird Ihre Daten nur insoweit verarbeiten, wie dies zur Erf\u00fcllung der Leistungspflichten erforderlich ist und unsere Weisungen in Bezug auf diese Daten befolgen.<\/p>\n<p><strong>\u00a0<\/strong><\/p>\n<p><strong>7.2 Social-Media-Links<\/strong><br \/>\nWir haben bei den \u00fcber Links von dieser Website zu erreichenden Drittanbietern eigene Social-Media-Seiten. Durch die Nutzung der Links gelangen Sie auf die jeweiligen Internetseiten der Drittanbieter (z.B. Facebook, Twitter, Instagram). Wir empfehlen zur Vermeidung einer unn\u00f6tigen Datenweitergabe vor der Nutzung eines entsprechenden Links sich selbst bei dem jeweiligen Drittanbieter auszuloggen, damit nicht schon durch die Verwendung des Links u.U. Nutzungsprofile durch den Drittanbieter erstellt werden k\u00f6nnen.<\/p>\n<p><strong>8. Kontaktaufnahme<\/strong><\/p>\n<p>Zur Kontaktaufnahme bez\u00fcglich des Datenschutzes k\u00f6nnen Sie sich gern an uns unter Verwendung der nachfolgenden Kontaktm\u00f6glichkeiten wenden. Verantwortlicher im Sinne der DSGVO:<\/p>\n<p>Freiberger Silicium Bearbeitungsgesellschaft mbH<br \/>\nHimmelfahrtsgasse 41<\/p>\n<p>09599 Freiberg<\/p>\n<p>vertreten durch: Dipl.-Ing. Roland Gr\u00fctze, Gesch\u00e4ftsf\u00fchrer<\/p>\n<\/div><\/section><\/p>\n","protected":false},"excerpt":{"rendered":"","protected":false},"author":1,"featured_media":0,"parent":0,"menu_order":0,"comment_status":"closed","ping_status":"closed","template":"","meta":{"footnotes":""},"class_list":["post-395","page","type-page","status-publish","hentry"],"yoast_head":"<!-- This site is optimized with the Yoast SEO plugin v27.5 - https:\/\/yoast.com\/product\/yoast-seo-wordpress\/ -->\n<title>Datenschutz - FSB Freiberg - Freiberger Silizium<\/title>\n<meta name=\"robots\" content=\"index, follow, max-snippet:-1, max-image-preview:large, max-video-preview:-1\" \/>\n<link rel=\"canonical\" href=\"https:\/\/fsb-freiberg.de\/?page_id=395\" \/>\n<meta property=\"og:locale\" content=\"de_DE\" \/>\n<meta property=\"og:type\" content=\"article\" \/>\n<meta property=\"og:title\" content=\"Datenschutz - FSB Freiberg - Freiberger Silizium\" \/>\n<meta property=\"og:url\" content=\"https:\/\/fsb-freiberg.de\/?page_id=395\" \/>\n<meta property=\"og:site_name\" content=\"FSB Freiberg - Freiberger Silizium\" \/>\n<meta property=\"article:modified_time\" content=\"2026-01-16T07:47:06+00:00\" \/>\n<meta name=\"twitter:card\" content=\"summary_large_image\" \/>\n<meta name=\"twitter:label1\" content=\"Gesch\u00e4tzte Lesezeit\" \/>\n\t<meta name=\"twitter:data1\" content=\"10\u00a0Minuten\" \/>\n<script type=\"application\/ld+json\" class=\"yoast-schema-graph\">{\"@context\":\"https:\\\/\\\/schema.org\",\"@graph\":[{\"@type\":\"WebPage\",\"@id\":\"https:\\\/\\\/fsb-freiberg.de\\\/?page_id=395\",\"url\":\"https:\\\/\\\/fsb-freiberg.de\\\/?page_id=395\",\"name\":\"Datenschutz - FSB Freiberg - Freiberger Silizium\",\"isPartOf\":{\"@id\":\"https:\\\/\\\/fsb-freiberg.de\\\/#website\"},\"datePublished\":\"2016-05-12T05:50:36+00:00\",\"dateModified\":\"2026-01-16T07:47:06+00:00\",\"breadcrumb\":{\"@id\":\"https:\\\/\\\/fsb-freiberg.de\\\/?page_id=395#breadcrumb\"},\"inLanguage\":\"de\",\"potentialAction\":[{\"@type\":\"ReadAction\",\"target\":[\"https:\\\/\\\/fsb-freiberg.de\\\/?page_id=395\"]}]},{\"@type\":\"BreadcrumbList\",\"@id\":\"https:\\\/\\\/fsb-freiberg.de\\\/?page_id=395#breadcrumb\",\"itemListElement\":[{\"@type\":\"ListItem\",\"position\":1,\"name\":\"Startseite\",\"item\":\"https:\\\/\\\/fsb-freiberg.de\\\/?page_id=371\"},{\"@type\":\"ListItem\",\"position\":2,\"name\":\"Datenschutz\"}]},{\"@type\":\"WebSite\",\"@id\":\"https:\\\/\\\/fsb-freiberg.de\\\/#website\",\"url\":\"https:\\\/\\\/fsb-freiberg.de\\\/\",\"name\":\"FSB Freiberg - Freiberger Silizium\",\"description\":\"\",\"potentialAction\":[{\"@type\":\"SearchAction\",\"target\":{\"@type\":\"EntryPoint\",\"urlTemplate\":\"https:\\\/\\\/fsb-freiberg.de\\\/?s={search_term_string}\"},\"query-input\":{\"@type\":\"PropertyValueSpecification\",\"valueRequired\":true,\"valueName\":\"search_term_string\"}}],\"inLanguage\":\"de\"}]}<\/script>\n<!-- \/ Yoast SEO plugin. -->","yoast_head_json":{"title":"Datenschutz - FSB Freiberg - Freiberger Silizium","robots":{"index":"index","follow":"follow","max-snippet":"max-snippet:-1","max-image-preview":"max-image-preview:large","max-video-preview":"max-video-preview:-1"},"canonical":"https:\/\/fsb-freiberg.de\/?page_id=395","og_locale":"de_DE","og_type":"article","og_title":"Datenschutz - FSB Freiberg - Freiberger Silizium","og_url":"https:\/\/fsb-freiberg.de\/?page_id=395","og_site_name":"FSB Freiberg - Freiberger Silizium","article_modified_time":"2026-01-16T07:47:06+00:00","twitter_card":"summary_large_image","twitter_misc":{"Gesch\u00e4tzte Lesezeit":"10\u00a0Minuten"},"schema":{"@context":"https:\/\/schema.org","@graph":[{"@type":"WebPage","@id":"https:\/\/fsb-freiberg.de\/?page_id=395","url":"https:\/\/fsb-freiberg.de\/?page_id=395","name":"Datenschutz - FSB Freiberg - Freiberger Silizium","isPartOf":{"@id":"https:\/\/fsb-freiberg.de\/#website"},"datePublished":"2016-05-12T05:50:36+00:00","dateModified":"2026-01-16T07:47:06+00:00","breadcrumb":{"@id":"https:\/\/fsb-freiberg.de\/?page_id=395#breadcrumb"},"inLanguage":"de","potentialAction":[{"@type":"ReadAction","target":["https:\/\/fsb-freiberg.de\/?page_id=395"]}]},{"@type":"BreadcrumbList","@id":"https:\/\/fsb-freiberg.de\/?page_id=395#breadcrumb","itemListElement":[{"@type":"ListItem","position":1,"name":"Startseite","item":"https:\/\/fsb-freiberg.de\/?page_id=371"},{"@type":"ListItem","position":2,"name":"Datenschutz"}]},{"@type":"WebSite","@id":"https:\/\/fsb-freiberg.de\/#website","url":"https:\/\/fsb-freiberg.de\/","name":"FSB Freiberg - Freiberger Silizium","description":"","potentialAction":[{"@type":"SearchAction","target":{"@type":"EntryPoint","urlTemplate":"https:\/\/fsb-freiberg.de\/?s={search_term_string}"},"query-input":{"@type":"PropertyValueSpecification","valueRequired":true,"valueName":"search_term_string"}}],"inLanguage":"de"}]}},"_links":{"self":[{"href":"https:\/\/fsb-freiberg.de\/index.php?rest_route=\/wp\/v2\/pages\/395","targetHints":{"allow":["GET"]}}],"collection":[{"href":"https:\/\/fsb-freiberg.de\/index.php?rest_route=\/wp\/v2\/pages"}],"about":[{"href":"https:\/\/fsb-freiberg.de\/index.php?rest_route=\/wp\/v2\/types\/page"}],"author":[{"embeddable":true,"href":"https:\/\/fsb-freiberg.de\/index.php?rest_route=\/wp\/v2\/users\/1"}],"replies":[{"embeddable":true,"href":"https:\/\/fsb-freiberg.de\/index.php?rest_route=%2Fwp%2Fv2%2Fcomments&post=395"}],"version-history":[{"count":6,"href":"https:\/\/fsb-freiberg.de\/index.php?rest_route=\/wp\/v2\/pages\/395\/revisions"}],"predecessor-version":[{"id":755,"href":"https:\/\/fsb-freiberg.de\/index.php?rest_route=\/wp\/v2\/pages\/395\/revisions\/755"}],"wp:attachment":[{"href":"https:\/\/fsb-freiberg.de\/index.php?rest_route=%2Fwp%2Fv2%2Fmedia&parent=395"}],"curies":[{"name":"wp","href":"https:\/\/api.w.org\/{rel}","templated":true}]}}